{"id":33,"date":"2020-04-13T11:18:48","date_gmt":"2020-04-13T11:18:48","guid":{"rendered":"http:\/\/www.fliptranslations.com\/contact\/"},"modified":"2026-01-06T02:18:35","modified_gmt":"2026-01-06T02:18:35","slug":"contact","status":"publish","type":"page","link":"https:\/\/www.fliptranslations.com\/es\/contact\/","title":{"rendered":"Contacto"},"content":{"rendered":"<div data-elementor-type=\"wp-page\" data-elementor-id=\"33\" class=\"elementor elementor-33\">\n\t\t\t\t\t\t<section class=\"elementor-section elementor-top-section elementor-element elementor-element-ede6f42 elementor-section-boxed elementor-section-height-default elementor-section-height-default\" data-id=\"ede6f42\" data-element_type=\"section\" data-settings=\"{&quot;background_background&quot;:&quot;classic&quot;}\">\n\t\t\t\t\t\t\t<div class=\"elementor-background-overlay\"><\/div>\n\t\t\t\t\t\t\t<div class=\"elementor-container elementor-column-gap-default\">\n\t\t\t\t\t<div class=\"elementor-column elementor-col-100 elementor-top-column elementor-element elementor-element-bc6a053\" data-id=\"bc6a053\" data-element_type=\"column\">\n\t\t\t<div class=\"elementor-widget-wrap elementor-element-populated\">\n\t\t\t\t\t\t<div class=\"elementor-element elementor-element-32a6ad1b elementor-widget elementor-widget-heading\" data-id=\"32a6ad1b\" data-element_type=\"widget\" data-widget_type=\"heading.default\">\n\t\t\t\t<div class=\"elementor-widget-container\">\n\t\t\t\t\t<h1 class=\"elementor-heading-title elementor-size-default\">Contacto<\/h1>\t\t\t\t<\/div>\n\t\t\t\t<\/div>\n\t\t\t\t\t<\/div>\n\t\t<\/div>\n\t\t\t\t\t<\/div>\n\t\t<\/section>\n\t\t\t\t<section class=\"elementor-section elementor-top-section elementor-element elementor-element-29b02a85 elementor-section-content-top elementor-section-boxed elementor-section-height-default elementor-section-height-default\" data-id=\"29b02a85\" data-element_type=\"section\">\n\t\t\t\t\t\t<div class=\"elementor-container elementor-column-gap-no\">\n\t\t\t\t\t<div class=\"elementor-column elementor-col-100 elementor-top-column elementor-element elementor-element-30c96c92\" data-id=\"30c96c92\" data-element_type=\"column\">\n\t\t\t<div class=\"elementor-widget-wrap elementor-element-populated\">\n\t\t\t\t\t\t<div class=\"elementor-element elementor-element-cf0a4ee elementor-widget elementor-widget-heading\" data-id=\"cf0a4ee\" data-element_type=\"widget\" data-widget_type=\"heading.default\">\n\t\t\t\t<div class=\"elementor-widget-container\">\n\t\t\t\t\t<h1 class=\"elementor-heading-title elementor-size-default\">Ponte en Contacto<\/h1>\t\t\t\t<\/div>\n\t\t\t\t<\/div>\n\t\t\t\t<div class=\"elementor-element elementor-element-3355a4f elementor-widget elementor-widget-spacer\" data-id=\"3355a4f\" data-element_type=\"widget\" data-widget_type=\"spacer.default\">\n\t\t\t\t<div class=\"elementor-widget-container\">\n\t\t\t\t\t\t\t<div class=\"elementor-spacer\">\n\t\t\t<div class=\"elementor-spacer-inner\"><\/div>\n\t\t<\/div>\n\t\t\t\t\t\t<\/div>\n\t\t\t\t<\/div>\n\t\t\t\t<div class=\"elementor-element elementor-element-497fd42 elementor-widget elementor-widget-text-editor\" data-id=\"497fd42\" data-element_type=\"widget\" data-widget_type=\"text-editor.default\">\n\t\t\t\t<div class=\"elementor-widget-container\">\n\t\t\t\t\t\t\t\t\t<h4><strong>Correo electr\u00f3nico <a href=\"mailto:fekete@fliptranslations.com\">fekete@fliptranslations.com<\/a><\/strong><\/h4><h4><strong>Horario de Trabajo<\/strong><\/h4><h4><strong>Lunes a Viernes 9 a.m. a 5 p.m. GMT - 3<\/strong><\/h4><h3>Qu\u00e9 esperar: Su hoja de ruta para el proyecto de traducci\u00f3n<\/h3><ol><li><h4><strong>Contacto inicial y cotizaci\u00f3n gratuita<\/strong><br \/>Env\u00ede sus materiales y detalles del proyecto a\u00a0<a class=\"fui-Link ___w5et180 f2hkw1w f3rmtva f1ewtqcl fyind8e f1k6fduh f1w7gpdv f1mo0ibp fjoy568 ff5ikls f1s184ao f1mk8lai fnbmjn9 f1o700av f13mvf36 f1cmlufx f9n3di6 f1ids18y f1tx3yz7 f1deo86v f1eh06m1 f1iescvh fhgqx19 f1olyrje f1p93eir f1nev41a\" href=\"mailto:fekete@fliptranslations.com\" target=\"_blank\" rel=\"noopener\">fekete@fliptranslations.com<\/a>. Revisar\u00e9 la informaci\u00f3n y le proporcionar\u00e9 una cotizaci\u00f3n gratuita y sin compromiso.<\/h4><\/li><li><h4><strong>Discusi\u00f3n de objetivos y p\u00fablico destinatario<\/strong><br \/>Conversaremos brevemente sobre sus objetivos, el p\u00fablico al que va dirigirlo y cualquier preferencia estil\u00edstica para asegurar que el producto final se alinee con sus necesidades.<\/h4><\/li><li><h4><strong>Cronograma del proyecto<\/strong><br \/>Recibir\u00e1 un plazo de entrega claro basado en el alcance y la urgencia de su proyecto.<\/h4><\/li><li><h4><strong>Traducci\u00f3n y control de calidad<\/strong><br \/>Si el plazo es aceptable, comenzar\u00e9 a trabajar de inmediato, prestando especial atenci\u00f3n a la precisi\u00f3n, el tono y el formato. Si corresponde, se\u00a0<strong>incluir\u00e1 un certificado<\/strong>\u00a0de traducci\u00f3n firmado.<\/h4><\/li><li><h4><strong>Comunicaci\u00f3n abierta<\/strong><br \/>Tendr\u00e1 m\u00faltiples formas de mantenerse en contacto durante todo el proceso. Le proporcionar\u00e9 actualizaciones y estar\u00e9 disponible para cualquier pregunta, cambio o aclaraci\u00f3n.<\/h4><\/li><li><h4><strong>Entrega y seguimiento<\/strong><br \/>Los archivos finales se entregar\u00e1n en el formato de su preferencia. Har\u00e9 un seguimiento para asegurarme de que todo cumpla con sus expectativas.\u00a0<\/h4><\/li><\/ol><h4>\u00a0<\/h4>\t\t\t\t\t\t\t\t<\/div>\n\t\t\t\t<\/div>\n\t\t\t\t\t<\/div>\n\t\t<\/div>\n\t\t\t\t\t<\/div>\n\t\t<\/section>\n\t\t\t\t<section class=\"elementor-section elementor-top-section elementor-element elementor-element-56d42b9b elementor-section-full_width elementor-section-height-default elementor-section-height-default\" data-id=\"56d42b9b\" data-element_type=\"section\">\n\t\t\t\t\t\t<div class=\"elementor-container elementor-column-gap-default\">\n\t\t\t\t\t<div class=\"elementor-column elementor-col-100 elementor-top-column elementor-element elementor-element-6513eb05\" data-id=\"6513eb05\" data-element_type=\"column\">\n\t\t\t<div class=\"elementor-widget-wrap elementor-element-populated\">\n\t\t\t\t\t\t<div class=\"elementor-element elementor-element-14675dc8 elementor-widget elementor-widget-google_maps\" data-id=\"14675dc8\" data-element_type=\"widget\" data-widget_type=\"google_maps.default\">\n\t\t\t\t<div class=\"elementor-widget-container\">\n\t\t\t\t\t\t\t<div class=\"elementor-custom-embed\">\n\t\t\t<iframe loading=\"lazy\"\n\t\t\t\t\tsrc=\"https:\/\/maps.google.com\/maps?q=La%20Floresta%2C%20Canelones%2C%20Uruguay&#038;t=m&#038;z=4&#038;output=embed&#038;iwloc=near\"\n\t\t\t\t\ttitle=\"La Floresta, Canelones, Uruguay\"\n\t\t\t\t\taria-label=\"La Floresta, Canelones, Uruguay\"\n\t\t\t><\/iframe>\n\t\t<\/div>\n\t\t\t\t\t\t<\/div>\n\t\t\t\t<\/div>\n\t\t\t\t\t<\/div>\n\t\t<\/div>\n\t\t\t\t\t<\/div>\n\t\t<\/section>\n\t\t\t\t<\/div>","protected":false},"excerpt":{"rendered":"<p>Contact Get in touch Email: fekete@fliptranslations.com Business Hours Monday &#8211; Friday 9 a.m. to 5 p.m. GMT &#8211; 3 What to expect: Your Translation Project Roadmap Initial Contact &amp; Free QuoteSend your materials and project details to\u00a0fekete@fliptranslations.com. I\u2019ll review them and provide a free, no-obligation quote. Discussion of Goals &amp; AudienceWe\u2019ll briefly discuss your objectives, &hellip;<\/p>\n<p class=\"read-more\"> <a class=\"\" href=\"https:\/\/www.fliptranslations.com\/es\/contact\/\"> <span class=\"screen-reader-text\">Contacto<\/span> Leer m\u00e1s &raquo;<\/a><\/p>","protected":false},"author":1,"featured_media":0,"parent":0,"menu_order":0,"comment_status":"closed","ping_status":"closed","template":"","meta":{"footnotes":""},"class_list":["post-33","page","type-page","status-publish","hentry"],"_links":{"self":[{"href":"https:\/\/www.fliptranslations.com\/es\/wp-json\/wp\/v2\/pages\/33","targetHints":{"allow":["GET"]}}],"collection":[{"href":"https:\/\/www.fliptranslations.com\/es\/wp-json\/wp\/v2\/pages"}],"about":[{"href":"https:\/\/www.fliptranslations.com\/es\/wp-json\/wp\/v2\/types\/page"}],"author":[{"embeddable":true,"href":"https:\/\/www.fliptranslations.com\/es\/wp-json\/wp\/v2\/users\/1"}],"replies":[{"embeddable":true,"href":"https:\/\/www.fliptranslations.com\/es\/wp-json\/wp\/v2\/comments?post=33"}],"version-history":[{"count":5,"href":"https:\/\/www.fliptranslations.com\/es\/wp-json\/wp\/v2\/pages\/33\/revisions"}],"predecessor-version":[{"id":1939,"href":"https:\/\/www.fliptranslations.com\/es\/wp-json\/wp\/v2\/pages\/33\/revisions\/1939"}],"wp:attachment":[{"href":"https:\/\/www.fliptranslations.com\/es\/wp-json\/wp\/v2\/media?parent=33"}],"curies":[{"name":"wp","href":"https:\/\/api.w.org\/{rel}","templated":true}]}}