{"id":32,"date":"2020-04-13T11:18:50","date_gmt":"2020-04-13T11:18:50","guid":{"rendered":"http:\/\/www.fliptranslations.com\/services\/"},"modified":"2025-11-06T18:50:41","modified_gmt":"2025-11-06T18:50:41","slug":"services","status":"publish","type":"page","link":"https:\/\/www.fliptranslations.com\/es\/services\/","title":{"rendered":"Servicios"},"content":{"rendered":"<div data-elementor-type=\"wp-page\" data-elementor-id=\"32\" class=\"elementor elementor-32\">\n\t\t\t\t\t\t<section class=\"elementor-section elementor-top-section elementor-element elementor-element-1b0a5d33 elementor-section-boxed elementor-section-height-default elementor-section-height-default\" data-id=\"1b0a5d33\" data-element_type=\"section\" data-settings=\"{&quot;background_background&quot;:&quot;classic&quot;}\">\n\t\t\t\t\t\t\t<div class=\"elementor-background-overlay\"><\/div>\n\t\t\t\t\t\t\t<div class=\"elementor-container elementor-column-gap-default\">\n\t\t\t\t\t<div class=\"elementor-column elementor-col-100 elementor-top-column elementor-element elementor-element-1f841ba\" data-id=\"1f841ba\" data-element_type=\"column\">\n\t\t\t<div class=\"elementor-widget-wrap elementor-element-populated\">\n\t\t\t\t\t\t<div class=\"elementor-element elementor-element-365ba0bd elementor-widget elementor-widget-heading\" data-id=\"365ba0bd\" data-element_type=\"widget\" data-widget_type=\"heading.default\">\n\t\t\t\t<div class=\"elementor-widget-container\">\n\t\t\t\t\t<h1 class=\"elementor-heading-title elementor-size-default\">Servicios<\/h1>\t\t\t\t<\/div>\n\t\t\t\t<\/div>\n\t\t\t\t\t<\/div>\n\t\t<\/div>\n\t\t\t\t\t<\/div>\n\t\t<\/section>\n\t\t\t\t<section class=\"elementor-section elementor-top-section elementor-element elementor-element-4d2c9e9 elementor-reverse-mobile elementor-section-boxed elementor-section-height-default elementor-section-height-default\" data-id=\"4d2c9e9\" data-element_type=\"section\">\n\t\t\t\t\t\t<div class=\"elementor-container elementor-column-gap-no\">\n\t\t\t\t\t<div class=\"elementor-column elementor-col-50 elementor-top-column elementor-element elementor-element-1148300\" data-id=\"1148300\" data-element_type=\"column\">\n\t\t\t<div class=\"elementor-widget-wrap elementor-element-populated\">\n\t\t\t\t\t\t<div class=\"elementor-element elementor-element-5070b618 elementor-widget elementor-widget-heading\" data-id=\"5070b618\" data-element_type=\"widget\" data-widget_type=\"heading.default\">\n\t\t\t\t<div class=\"elementor-widget-container\">\n\t\t\t\t\t<h2 class=\"elementor-heading-title elementor-size-default\">Servicios de Traducci\u00f3n y Transcripci\u00f3n<\/h2>\t\t\t\t<\/div>\n\t\t\t\t<\/div>\n\t\t\t\t<div class=\"elementor-element elementor-element-62d352e2 elementor-widget elementor-widget-text-editor\" data-id=\"62d352e2\" data-element_type=\"widget\" data-widget_type=\"text-editor.default\">\n\t\t\t\t<div class=\"elementor-widget-container\">\n\t\t\t\t\t\t\t\t\t<p>Cuando la precisi\u00f3n importa, su mensaje merece la atenci\u00f3n de un profesional con experiencia. Ofrezco\u00a0<strong>servicios de traducci\u00f3n y transcripci\u00f3n del espa\u00f1ol al ingl\u00e9s<\/strong>\u00a0para\u00a0<strong>material<\/strong>\u00a0en audio tanto en espa\u00f1ol como en ingl\u00e9s, garantizando claridad, exactitud y sensibilidad cultural en cada proyecto.<\/p><p>Ya sea que est\u00e9 trabajando con documentos manuscritos, registros oficiales o archivos de audio, aporto m\u00e1s de 20 a\u00f1os de experiencia para ayudarle a comunicarse de manera eficaz y con confianza.<\/p><p><strong>\u00bfEs la primera vez que contrata a un traductor?<\/strong><br \/>Descargue una gu\u00eda gratuita con consejos pr\u00e1cticos para elegir al profesional ling\u00fc\u00edstico adecuado y sacar el m\u00e1ximo provecho de su proyecto.<\/p>\t\t\t\t\t\t\t\t<\/div>\n\t\t\t\t<\/div>\n\t\t\t\t<section class=\"elementor-section elementor-inner-section elementor-element elementor-element-dd9e109 elementor-section-boxed elementor-section-height-default elementor-section-height-default\" data-id=\"dd9e109\" data-element_type=\"section\">\n\t\t\t\t\t\t<div class=\"elementor-container elementor-column-gap-default\">\n\t\t\t\t\t<div class=\"elementor-column elementor-col-50 elementor-inner-column elementor-element elementor-element-0293d16\" data-id=\"0293d16\" data-element_type=\"column\">\n\t\t\t<div class=\"elementor-widget-wrap elementor-element-populated\">\n\t\t\t\t\t\t<div class=\"elementor-element elementor-element-51aeee7 elementor-widget elementor-widget-button\" data-id=\"51aeee7\" data-element_type=\"widget\" data-widget_type=\"button.default\">\n\t\t\t\t<div class=\"elementor-widget-container\">\n\t\t\t\t\t\t\t\t\t<div class=\"elementor-button-wrapper\">\n\t\t\t\t\t<a class=\"elementor-button elementor-button-link elementor-size-sm\" href=\"http:\/\/www.fliptranslations.com\/wp-content\/uploads\/2020\/11\/Translation-Getting_it_right.pdf\" target=\"_blank\">\n\t\t\t\t\t\t<span class=\"elementor-button-content-wrapper\">\n\t\t\t\t\t\t\t\t\t<span class=\"elementor-button-text\">Free Guide (EN)<\/span>\n\t\t\t\t\t<\/span>\n\t\t\t\t\t<\/a>\n\t\t\t\t<\/div>\n\t\t\t\t\t\t\t\t<\/div>\n\t\t\t\t<\/div>\n\t\t\t\t\t<\/div>\n\t\t<\/div>\n\t\t\t\t<div class=\"elementor-column elementor-col-50 elementor-inner-column elementor-element elementor-element-db5e355\" data-id=\"db5e355\" data-element_type=\"column\">\n\t\t\t<div class=\"elementor-widget-wrap elementor-element-populated\">\n\t\t\t\t\t\t<div class=\"elementor-element elementor-element-fc4b4dc elementor-widget elementor-widget-button\" data-id=\"fc4b4dc\" data-element_type=\"widget\" data-widget_type=\"button.default\">\n\t\t\t\t<div class=\"elementor-widget-container\">\n\t\t\t\t\t\t\t\t\t<div class=\"elementor-button-wrapper\">\n\t\t\t\t\t<a class=\"elementor-button elementor-button-link elementor-size-sm\" href=\"http:\/\/www.fliptranslations.com\/wp-content\/uploads\/2020\/11\/Todo-lo-que-siempre.pdf\">\n\t\t\t\t\t\t<span class=\"elementor-button-content-wrapper\">\n\t\t\t\t\t\t\t\t\t<span class=\"elementor-button-text\">Gu\u00eda Gratuita (ES)<\/span>\n\t\t\t\t\t<\/span>\n\t\t\t\t\t<\/a>\n\t\t\t\t<\/div>\n\t\t\t\t\t\t\t\t<\/div>\n\t\t\t\t<\/div>\n\t\t\t\t\t<\/div>\n\t\t<\/div>\n\t\t\t\t\t<\/div>\n\t\t<\/section>\n\t\t\t\t\t<\/div>\n\t\t<\/div>\n\t\t\t\t<div class=\"elementor-column elementor-col-50 elementor-top-column elementor-element elementor-element-7285665\" data-id=\"7285665\" data-element_type=\"column\">\n\t\t\t<div class=\"elementor-widget-wrap elementor-element-populated\">\n\t\t\t\t\t\t<div class=\"elementor-element elementor-element-508aa5f0 elementor-widget elementor-widget-image\" data-id=\"508aa5f0\" data-element_type=\"widget\" data-widget_type=\"image.default\">\n\t\t\t\t<div class=\"elementor-widget-container\">\n\t\t\t\t\t\t\t\t\t\t\t\t\t\t\t<img fetchpriority=\"high\" decoding=\"async\" width=\"1024\" height=\"682\" src=\"https:\/\/www.fliptranslations.com\/wp-content\/uploads\/2020\/11\/coder-computer-desk-1869306-1024x682.jpg\" class=\"attachment-large size-large wp-image-1405\" alt=\"coder, computer, desk\" srcset=\"https:\/\/www.fliptranslations.com\/wp-content\/uploads\/2020\/11\/coder-computer-desk-1869306-1024x682.jpg 1024w, https:\/\/www.fliptranslations.com\/wp-content\/uploads\/2020\/11\/coder-computer-desk-1869306-300x200.jpg 300w, https:\/\/www.fliptranslations.com\/wp-content\/uploads\/2020\/11\/coder-computer-desk-1869306-768x512.jpg 768w, https:\/\/www.fliptranslations.com\/wp-content\/uploads\/2020\/11\/coder-computer-desk-1869306.jpg 1280w\" sizes=\"(max-width: 1024px) 100vw, 1024px\" \/>\t\t\t\t\t\t\t\t\t\t\t\t\t\t\t<\/div>\n\t\t\t\t<\/div>\n\t\t\t\t\t<\/div>\n\t\t<\/div>\n\t\t\t\t\t<\/div>\n\t\t<\/section>\n\t\t\t\t<section class=\"elementor-section elementor-top-section elementor-element elementor-element-9e09982 elementor-section-boxed elementor-section-height-default elementor-section-height-default\" data-id=\"9e09982\" data-element_type=\"section\">\n\t\t\t\t\t\t<div class=\"elementor-container elementor-column-gap-no\">\n\t\t\t\t\t<div class=\"elementor-column elementor-col-50 elementor-top-column elementor-element elementor-element-4b9de95\" data-id=\"4b9de95\" data-element_type=\"column\">\n\t\t\t<div class=\"elementor-widget-wrap elementor-element-populated\">\n\t\t\t\t\t\t<div class=\"elementor-element elementor-element-1fab74e0 elementor-widget elementor-widget-image\" data-id=\"1fab74e0\" data-element_type=\"widget\" data-widget_type=\"image.default\">\n\t\t\t\t<div class=\"elementor-widget-container\">\n\t\t\t\t\t\t\t\t\t\t\t\t\t\t\t<img decoding=\"async\" width=\"1024\" height=\"681\" src=\"https:\/\/www.fliptranslations.com\/wp-content\/uploads\/2020\/11\/creative-writing-editing-108545-1024x681.jpg\" class=\"attachment-large size-large wp-image-1409\" alt=\"creative, writing, editing\" srcset=\"https:\/\/www.fliptranslations.com\/wp-content\/uploads\/2020\/11\/creative-writing-editing-108545-1024x681.jpg 1024w, https:\/\/www.fliptranslations.com\/wp-content\/uploads\/2020\/11\/creative-writing-editing-108545-300x199.jpg 300w, https:\/\/www.fliptranslations.com\/wp-content\/uploads\/2020\/11\/creative-writing-editing-108545-768x511.jpg 768w, https:\/\/www.fliptranslations.com\/wp-content\/uploads\/2020\/11\/creative-writing-editing-108545.jpg 1280w\" sizes=\"(max-width: 1024px) 100vw, 1024px\" \/>\t\t\t\t\t\t\t\t\t\t\t\t\t\t\t<\/div>\n\t\t\t\t<\/div>\n\t\t\t\t\t<\/div>\n\t\t<\/div>\n\t\t\t\t<div class=\"elementor-column elementor-col-50 elementor-top-column elementor-element elementor-element-ddc17dc\" data-id=\"ddc17dc\" data-element_type=\"column\">\n\t\t\t<div class=\"elementor-widget-wrap elementor-element-populated\">\n\t\t\t\t\t\t<div class=\"elementor-element elementor-element-d8c8a33 elementor-widget elementor-widget-heading\" data-id=\"d8c8a33\" data-element_type=\"widget\" data-widget_type=\"heading.default\">\n\t\t\t\t<div class=\"elementor-widget-container\">\n\t\t\t\t\t<h2 class=\"elementor-heading-title elementor-size-default\">Clases de ingl\u00e9s (ESL) para hispanohablantes<\/h2>\t\t\t\t<\/div>\n\t\t\t\t<\/div>\n\t\t\t\t<div class=\"elementor-element elementor-element-3437ae6 elementor-widget elementor-widget-text-editor\" data-id=\"3437ae6\" data-element_type=\"widget\" data-widget_type=\"text-editor.default\">\n\t\t\t\t<div class=\"elementor-widget-container\">\n\t\t\t\t\t\t\t\t\t<p data-start=\"384\" data-end=\"633\">Aprender ingl\u00e9s es m\u00e1s f\u00e1cil y efectivo con una ense\u00f1anza personalizada. Ofrezco <strong data-start=\"469\" data-end=\"516\">clases de ingl\u00e9s (ESL) para hispanohablantes<\/strong>, enfocadas en desarrollar la confianza, mejorar la pronunciaci\u00f3n y dominar la gram\u00e1tica a trav\u00e9s de la pr\u00e1ctica comunicativa real.<\/p>\n<p data-start=\"635\" data-end=\"806\">Cada estudiante recibe <strong data-start=\"657\" data-end=\"680\">gu\u00edas de estudio personalizadas<\/strong> para <strong data-start=\"685\" data-end=\"709\">y clases de ingl\u00e9s en vivo<\/strong>, ya sea de forma presencial o en l\u00ednea mediante videollamadas, dise\u00f1adas para adaptarse a sus objetivos, ritmo e intereses.<\/p>\n<p data-start=\"808\" data-end=\"961\">Ya sea que quieras mejorar tu ingl\u00e9s para el trabajo, los viajes o la conversaci\u00f3n cotidiana, te ayudar\u00e9 a comunicarte con claridad, naturalidad y confianza.<\/p>\t\t\t\t\t\t\t\t<\/div>\n\t\t\t\t<\/div>\n\t\t\t\t\t<\/div>\n\t\t<\/div>\n\t\t\t\t\t<\/div>\n\t\t<\/section>\n\t\t\t\t<section class=\"elementor-section elementor-top-section elementor-element elementor-element-6027d0f elementor-reverse-mobile elementor-section-boxed elementor-section-height-default elementor-section-height-default\" data-id=\"6027d0f\" data-element_type=\"section\">\n\t\t\t\t\t\t<div class=\"elementor-container elementor-column-gap-no\">\n\t\t\t\t\t<div class=\"elementor-column elementor-col-50 elementor-top-column elementor-element elementor-element-355c572\" data-id=\"355c572\" data-element_type=\"column\">\n\t\t\t<div class=\"elementor-widget-wrap elementor-element-populated\">\n\t\t\t\t\t\t<div class=\"elementor-element elementor-element-8b4473b elementor-widget elementor-widget-heading\" data-id=\"8b4473b\" data-element_type=\"widget\" data-widget_type=\"heading.default\">\n\t\t\t\t<div class=\"elementor-widget-container\">\n\t\t\t\t\t<h2 class=\"elementor-heading-title elementor-size-default\">Interpretaci\u00f3n Consecutiva<\/h2>\t\t\t\t<\/div>\n\t\t\t\t<\/div>\n\t\t\t\t<div class=\"elementor-element elementor-element-8962406 elementor-widget elementor-widget-text-editor\" data-id=\"8962406\" data-element_type=\"widget\" data-widget_type=\"text-editor.default\">\n\t\t\t\t<div class=\"elementor-widget-container\">\n\t\t\t\t\t\t\t\t\t<p class=\"translation-block\">Con m\u00e1s de dos d\u00e9cadas de residencia en Sudam\u00e9rica y dominio nativo tanto del ingl\u00e9s como del espa\u00f1ol, ofrezco servicios de interpretaci\u00f3n consecutiva que superan con facilidad las barreras ling\u00fc\u00edsticas y culturales.<\/p><p>Ya sea en reuniones de negocios, consultas m\u00e9dicas o transacciones privadas, aporto claridad, profesionalismo y sensibilidad cultural a cada interacci\u00f3n, garantizando que su mensaje se comprenda exactamente como fue concebido.<\/p>\t\t\t\t\t\t\t\t<\/div>\n\t\t\t\t<\/div>\n\t\t\t\t\t<\/div>\n\t\t<\/div>\n\t\t\t\t<div class=\"elementor-column elementor-col-50 elementor-top-column elementor-element elementor-element-623a32c\" data-id=\"623a32c\" data-element_type=\"column\">\n\t\t\t<div class=\"elementor-widget-wrap elementor-element-populated\">\n\t\t\t\t\t\t<div class=\"elementor-element elementor-element-628e670 elementor-widget elementor-widget-image\" data-id=\"628e670\" data-element_type=\"widget\" data-widget_type=\"image.default\">\n\t\t\t\t<div class=\"elementor-widget-container\">\n\t\t\t\t\t\t\t\t\t\t\t\t\t\t\t<img decoding=\"async\" width=\"1024\" height=\"682\" src=\"https:\/\/www.fliptranslations.com\/wp-content\/uploads\/2020\/11\/table-office-meeting-2254656-1024x682.jpg\" class=\"attachment-large size-large wp-image-1413\" alt=\"table, office, meeting\" srcset=\"https:\/\/www.fliptranslations.com\/wp-content\/uploads\/2020\/11\/table-office-meeting-2254656-1024x682.jpg 1024w, https:\/\/www.fliptranslations.com\/wp-content\/uploads\/2020\/11\/table-office-meeting-2254656-300x200.jpg 300w, https:\/\/www.fliptranslations.com\/wp-content\/uploads\/2020\/11\/table-office-meeting-2254656-768x512.jpg 768w, https:\/\/www.fliptranslations.com\/wp-content\/uploads\/2020\/11\/table-office-meeting-2254656.jpg 1280w\" sizes=\"(max-width: 1024px) 100vw, 1024px\" \/>\t\t\t\t\t\t\t\t\t\t\t\t\t\t\t<\/div>\n\t\t\t\t<\/div>\n\t\t\t\t\t<\/div>\n\t\t<\/div>\n\t\t\t\t\t<\/div>\n\t\t<\/section>\n\t\t\t\t<\/div>","protected":false},"excerpt":{"rendered":"<p>Services Translation &amp; Transcription Services When precision matters, your message deserves the attention of a seasoned professional. I provide\u00a0Spanish-to-English translation\u00a0and\u00a0transcription services\u00a0for both Spanish and English audio, ensuring clarity, accuracy, and cultural sensitivity in every project. Whether you&#8217;re working with handwritten documents, official records, or audio files, I bring over 20 years of experience to help &hellip;<\/p>\n<p class=\"read-more\"> <a class=\"\" href=\"https:\/\/www.fliptranslations.com\/es\/services\/\"> <span class=\"screen-reader-text\">Servicios<\/span> Leer m\u00e1s &raquo;<\/a><\/p>","protected":false},"author":1,"featured_media":0,"parent":0,"menu_order":0,"comment_status":"closed","ping_status":"closed","template":"","meta":{"footnotes":""},"class_list":["post-32","page","type-page","status-publish","hentry"],"_links":{"self":[{"href":"https:\/\/www.fliptranslations.com\/es\/wp-json\/wp\/v2\/pages\/32","targetHints":{"allow":["GET"]}}],"collection":[{"href":"https:\/\/www.fliptranslations.com\/es\/wp-json\/wp\/v2\/pages"}],"about":[{"href":"https:\/\/www.fliptranslations.com\/es\/wp-json\/wp\/v2\/types\/page"}],"author":[{"embeddable":true,"href":"https:\/\/www.fliptranslations.com\/es\/wp-json\/wp\/v2\/users\/1"}],"replies":[{"embeddable":true,"href":"https:\/\/www.fliptranslations.com\/es\/wp-json\/wp\/v2\/comments?post=32"}],"version-history":[{"count":5,"href":"https:\/\/www.fliptranslations.com\/es\/wp-json\/wp\/v2\/pages\/32\/revisions"}],"predecessor-version":[{"id":1922,"href":"https:\/\/www.fliptranslations.com\/es\/wp-json\/wp\/v2\/pages\/32\/revisions\/1922"}],"wp:attachment":[{"href":"https:\/\/www.fliptranslations.com\/es\/wp-json\/wp\/v2\/media?parent=32"}],"curies":[{"name":"wp","href":"https:\/\/api.w.org\/{rel}","templated":true}]}}